{"id":7,"date":"2023-12-18T18:00:49","date_gmt":"2023-12-18T18:00:49","guid":{"rendered":"https:\/\/mfgastronomia.es\/tp\/?page_id=7"},"modified":"2025-09-06T23:30:25","modified_gmt":"2025-09-06T23:30:25","slug":"home","status":"publish","type":"page","link":"https:\/\/tiradoplaya.com\/","title":{"rendered":"Home"},"content":{"rendered":"\n<div class=\"wp-block-cover alignfull is-light\" style=\"min-height:100vh;aspect-ratio:unset;\"><span aria-hidden=\"true\" class=\"wp-block-cover__background has-black-background-color has-background-dim\"><\/span><img loading=\"lazy\" decoding=\"async\" width=\"1920\" height=\"1080\" sizes=\"(max-width: 799px) 200vw,(max-width: 1920px) 100vw,1920px\" class=\"wp-block-cover__image-background wp-image-191\" alt=\"salon principal marisqueria tira do playa en la playa de Riazor \" src=\"https:\/\/tiradoplaya.com\/wp-content\/uploads\/2024\/06\/TiradoPlaya-sala00.jpg\" data-object-fit=\"cover\" srcset=\"https:\/\/tiradoplaya.com\/wp-content\/uploads\/2024\/06\/TiradoPlaya-sala00.jpg 1920w, https:\/\/tiradoplaya.com\/wp-content\/uploads\/2024\/06\/TiradoPlaya-sala00-300x169.jpg 300w, https:\/\/tiradoplaya.com\/wp-content\/uploads\/2024\/06\/TiradoPlaya-sala00-1024x576.jpg 1024w, https:\/\/tiradoplaya.com\/wp-content\/uploads\/2024\/06\/TiradoPlaya-sala00-768x432.jpg 768w, https:\/\/tiradoplaya.com\/wp-content\/uploads\/2024\/06\/TiradoPlaya-sala00-1536x864.jpg 1536w, https:\/\/tiradoplaya.com\/wp-content\/uploads\/2024\/06\/TiradoPlaya-sala00-1568x882.jpg 1568w\" \/><div class=\"wp-block-cover__inner-container is-layout-flow wp-block-cover-is-layout-flow\"><div class=\"wp-block-image\">\n<figure class=\"aligncenter size-medium is-resized\"><img loading=\"lazy\" decoding=\"async\" width=\"300\" height=\"166\" src=\"https:\/\/tiradoplaya.com\/wp-content\/uploads\/2023\/12\/TDPL-ovalo-blanco-300x166.png\" alt=\"\" class=\"wp-image-44\" style=\"width:114px;height:auto\" srcset=\"https:\/\/tiradoplaya.com\/wp-content\/uploads\/2023\/12\/TDPL-ovalo-blanco-300x166.png 300w, https:\/\/tiradoplaya.com\/wp-content\/uploads\/2023\/12\/TDPL-ovalo-blanco-768x426.png 768w, https:\/\/tiradoplaya.com\/wp-content\/uploads\/2023\/12\/TDPL-ovalo-blanco.png 900w\" sizes=\"(max-width: 300px) 100vw, 300px\" \/><\/figure><\/div>\n\n\n<h1 class=\"wp-block-heading alignwide has-text-align-center has-extra-large-font-size\">UNA EXPERIENCIA \u00daNICA FRENTE AL MAR<\/h1>\n\n\n\n<p class=\"has-text-align-center has-large-font-size\">Mariscos, pescados y arroces en la playa de Riazor.<\/p>\n<\/div><\/div>\n\n\n\n<div class=\"wp-block-group alignfull\"><div class=\"wp-block-group__inner-container is-layout-flow wp-block-group-is-layout-flow\">\n<p class=\"has-text-align-center\" style=\"font-size:25px\">Tira do Playa te invita a disfrutar de mariscos frescos, pescados del Atl\u00e1ntico y arroces preparados con maestr\u00eda. Todo ello frente al Atl\u00e1ntico en la playa de Riazor, con una experiencia gastron\u00f3mica \u00fanica en A Coru\u00f1a.<\/p>\n\n\n\n<div class=\"wp-block-buttons is-content-justification-center is-layout-flex wp-container-core-buttons-is-layout-1 wp-block-buttons-is-layout-flex\">\n<div class=\"wp-block-button has-custom-font-size is-style-outline has-medium-font-size\"><a class=\"wp-block-button__link wp-element-button\" href=\"https:\/\/www.covermanager.com\/reserve\/module_restaurant\/restaurante-tiradoplaya\/spanish\" style=\"padding-right:var(--wp--preset--spacing--70);padding-left:var(--wp--preset--spacing--70)\" target=\"_blank\" rel=\"noreferrer noopener\">RESERVAR<\/a><\/div>\n\n\n\n<div class=\"wp-block-button has-custom-font-size is-style-outline has-medium-font-size\" style=\"font-style:normal;font-weight:300\"><a class=\"wp-block-button__link wp-element-button\" href=\"https:\/\/tiradoplaya.com\/index.php\/nuestra-carta-menu\/\" style=\"padding-right:var(--wp--preset--spacing--70);padding-left:var(--wp--preset--spacing--70)\">VER CARTA<\/a><\/div>\n<\/div>\n<\/div><\/div>\n\n\n\n<div class=\"wp-block-group alignfull\"><div class=\"wp-block-group__inner-container is-layout-flow wp-block-group-is-layout-flow\">\n<div class=\"wp-block-columns alignwide is-layout-flex wp-container-core-columns-is-layout-1 wp-block-columns-is-layout-flex\">\n<div class=\"wp-block-column is-layout-flow wp-block-column-is-layout-flow\">\n<figure class=\"wp-block-image size-large\"><img loading=\"lazy\" decoding=\"async\" width=\"1024\" height=\"683\" src=\"https:\/\/tiradoplaya.com\/wp-content\/uploads\/2024\/05\/TiradoPlaya-pescados-1024x683.jpg\" alt=\"Pescados y mariscos frescos del Atl\u00e1ntico-Restaurante playa Riazor\" class=\"wp-image-148\" srcset=\"https:\/\/tiradoplaya.com\/wp-content\/uploads\/2024\/05\/TiradoPlaya-pescados-1024x683.jpg 1024w, https:\/\/tiradoplaya.com\/wp-content\/uploads\/2024\/05\/TiradoPlaya-pescados-300x200.jpg 300w, https:\/\/tiradoplaya.com\/wp-content\/uploads\/2024\/05\/TiradoPlaya-pescados-768x512.jpg 768w, https:\/\/tiradoplaya.com\/wp-content\/uploads\/2024\/05\/TiradoPlaya-pescados.jpg 1200w\" sizes=\"(max-width: 1024px) 100vw, 1024px\" \/><\/figure>\n\n\n\n<h2 class=\"wp-block-heading has-h-3-font-size\" style=\"text-transform:uppercase\">Nuestros Pescados<\/h2>\n\n\n\n<p>Lubina, rodaballo, palometa y otras especies del Atl\u00e1ntico, seleccionadas una a una y cocinadas a la brasa o en elaboraciones que respetan todo su sabor.<br>Piezas de gran tama\u00f1o, de captura artesanal, que garantizan frescura y excelencia en cada plato.<\/p>\n\n\n\n<p class=\"tw-mb-4\"><a href=\"https:\/\/tiradoplaya.com\/index.php\/menu\/\" data-type=\"page\" data-id=\"8\" target=\"_blank\" rel=\"noreferrer noopener\">Ver nuestras especialidades en pescados<\/a><\/p>\n<\/div>\n\n\n\n<div class=\"wp-block-column is-layout-flow wp-block-column-is-layout-flow\">\n<figure class=\"wp-block-image size-large\"><img loading=\"lazy\" decoding=\"async\" width=\"1024\" height=\"683\" src=\"https:\/\/tiradoplaya.com\/wp-content\/uploads\/2024\/05\/TiradoPlaya-sala04-1024x683.jpg\" alt=\"Salon Mirador TIra Do Playa mariscos y pescados del Atlantico en la playa de Riazor\" class=\"wp-image-149\" srcset=\"https:\/\/tiradoplaya.com\/wp-content\/uploads\/2024\/05\/TiradoPlaya-sala04-1024x683.jpg 1024w, https:\/\/tiradoplaya.com\/wp-content\/uploads\/2024\/05\/TiradoPlaya-sala04-300x200.jpg 300w, https:\/\/tiradoplaya.com\/wp-content\/uploads\/2024\/05\/TiradoPlaya-sala04-768x512.jpg 768w, https:\/\/tiradoplaya.com\/wp-content\/uploads\/2024\/05\/TiradoPlaya-sala04.jpg 1200w\" sizes=\"(max-width: 1024px) 100vw, 1024px\" \/><\/figure>\n\n\n\n<h2 class=\"wp-block-heading has-h-3-font-size\" style=\"text-transform:uppercase\">Eventos, comidas empresas<\/h2>\n\n\n\n<p>En Tira do Playa ponemos a tu disposici\u00f3n salones con vistas al Atl\u00e1ntico para celebraciones privadas, comidas de empresa y eventos especiales. <br>Adem\u00e1s, ofrecemos servicio de catering para que disfrutes de nuestra cocina all\u00ed donde lo necesites, llevando la experiencia Tira Do Playa al lugar que elijas.  <\/p>\n\n\n\n<p class=\"tw-mb-4\"><a href=\"https:\/\/tiradoplaya.com\/index.php\/contacto\/\">Contacta para m\u00e1s informaci\u00f3n<\/a><\/p>\n<\/div>\n<\/div>\n\n\n\n<div class=\"wp-block-columns alignwide is-layout-flex wp-container-core-columns-is-layout-2 wp-block-columns-is-layout-flex\">\n<div class=\"wp-block-column is-layout-flow wp-block-column-is-layout-flow\">\n<figure class=\"wp-block-image size-large\"><img loading=\"lazy\" decoding=\"async\" width=\"1024\" height=\"683\" src=\"https:\/\/tiradoplaya.com\/wp-content\/uploads\/2024\/05\/TiradoPlaya-bodega01-1024x683.jpg\" alt=\"Selecci\u00f3n de vinos premium en Riazor - Bodega Vintage Tira Do Playa\" class=\"wp-image-132\" srcset=\"https:\/\/tiradoplaya.com\/wp-content\/uploads\/2024\/05\/TiradoPlaya-bodega01-1024x683.jpg 1024w, https:\/\/tiradoplaya.com\/wp-content\/uploads\/2024\/05\/TiradoPlaya-bodega01-300x200.jpg 300w, https:\/\/tiradoplaya.com\/wp-content\/uploads\/2024\/05\/TiradoPlaya-bodega01-768x512.jpg 768w, https:\/\/tiradoplaya.com\/wp-content\/uploads\/2024\/05\/TiradoPlaya-bodega01.jpg 1200w\" sizes=\"(max-width: 1024px) 100vw, 1024px\" \/><\/figure>\n\n\n\n<h2 class=\"wp-block-heading has-h-3-font-size\" style=\"text-transform:uppercase\">Bodega Vintage<\/h2>\n\n\n\n<p>Nuestra bodega vintage es un homenaje a los vinos m\u00e1s exclusivos, una selecci\u00f3n de a\u00f1adas y botellas \u00fanicas que convierten cualquier ocasi\u00f3n en una experiencia inolvidable. Una colecci\u00f3n pensada para los amantes del vino, guiada por nuestro equipo de sumilleres.<\/p>\n\n\n\n<p class=\"tw-mb-4\"><a href=\"https:\/\/www.carta360.com\/TiraDoPlaya\/?A=NO&amp;I=0&amp;V=7\" target=\"_blank\" rel=\"noreferrer noopener\">Ver la selecci\u00f3n de botellas vintage<\/a><\/p>\n<\/div>\n\n\n\n<div class=\"wp-block-column is-layout-flow wp-block-column-is-layout-flow\">\n<figure class=\"wp-block-image size-large\"><img loading=\"lazy\" decoding=\"async\" width=\"1024\" height=\"683\" src=\"https:\/\/tiradoplaya.com\/wp-content\/uploads\/2024\/05\/TiradoPlaya-bodega03-1024x683.jpg\" alt=\"Bodega Tira Do Playa - Vinos de Galicia e internacionales en A Coru\u00f1a\" class=\"wp-image-134\" srcset=\"https:\/\/tiradoplaya.com\/wp-content\/uploads\/2024\/05\/TiradoPlaya-bodega03-1024x683.jpg 1024w, https:\/\/tiradoplaya.com\/wp-content\/uploads\/2024\/05\/TiradoPlaya-bodega03-300x200.jpg 300w, https:\/\/tiradoplaya.com\/wp-content\/uploads\/2024\/05\/TiradoPlaya-bodega03-768x512.jpg 768w, https:\/\/tiradoplaya.com\/wp-content\/uploads\/2024\/05\/TiradoPlaya-bodega03.jpg 1200w\" sizes=\"(max-width: 1024px) 100vw, 1024px\" \/><\/figure>\n\n\n\n<h2 class=\"wp-block-heading has-h-3-font-size\" style=\"text-transform:uppercase\">La Bodega<\/h2>\n\n\n\n<p>En nuestra bodega principal conviven lo vinos de Galicia con referencias nacionales e internacionales de prestigio. Cada botella ha sido seleccionada para ofrecer el maridaje perfecto, desde las denominaciones gallegas m\u00e1s reconocidas hasta etiquetas que brillan en las mejores mesas del mundo.<\/p>\n\n\n\n<p><a href=\"https:\/\/www.carta360.com\/TiraDoPlaya\/?A=NO&amp;I=0&amp;V=3\" target=\"_blank\" rel=\"noreferrer noopener\">Ver carta de vinos<\/a><\/p>\n<\/div>\n<\/div>\n<\/div><\/div>\n\n\n\n<div class=\"wp-block-group alignfull has-subtle-background-color has-background\"><div class=\"wp-block-group__inner-container is-layout-flow wp-block-group-is-layout-flow\">\n<div class=\"wp-block-media-text alignwide is-stacked-on-mobile tw-stack-md\"><figure class=\"wp-block-media-text__media\"><img loading=\"lazy\" decoding=\"async\" width=\"1024\" height=\"683\" src=\"https:\/\/tiradoplaya.com\/wp-content\/uploads\/2024\/05\/TiradoPlaya-sala05-1024x683.jpg\" alt=\"Sal\u00f3n planta baja marisqueria Tira do Playa en la playa de Riazor frente al Atl\u00e1ntico\" class=\"wp-image-151 size-full\" srcset=\"https:\/\/tiradoplaya.com\/wp-content\/uploads\/2024\/05\/TiradoPlaya-sala05-1024x683.jpg 1024w, https:\/\/tiradoplaya.com\/wp-content\/uploads\/2024\/05\/TiradoPlaya-sala05-300x200.jpg 300w, https:\/\/tiradoplaya.com\/wp-content\/uploads\/2024\/05\/TiradoPlaya-sala05-768x512.jpg 768w, https:\/\/tiradoplaya.com\/wp-content\/uploads\/2024\/05\/TiradoPlaya-sala05.jpg 1200w\" sizes=\"(max-width: 1024px) 100vw, 1024px\" \/><\/figure><div class=\"wp-block-media-text__content\">\n<blockquote class=\"wp-block-quote is-style-tw-medium has-medium-font-size is-layout-flow wp-block-quote-is-layout-flow\">\n<p class=\"has-large-font-size\">&#8220;El Atl\u00e1ntico en el plato, Riazor en la mirada.&#8221;<\/p>\n<cite>Le Gourmet Magazine<\/cite><\/blockquote>\n<\/div><\/div>\n<\/div><\/div>\n\n\n\n<figure class=\"wp-block-image alignfull size-full tw-mt-0\"><img loading=\"lazy\" decoding=\"async\" width=\"1920\" height=\"1080\" src=\"https:\/\/tiradoplaya.com\/wp-content\/uploads\/2024\/05\/TiradoPlaya-sala01-1.jpg\" alt=\"Restaurante en la playa de Riazor Tira Do Playa. \" class=\"wp-image-126\" srcset=\"https:\/\/tiradoplaya.com\/wp-content\/uploads\/2024\/05\/TiradoPlaya-sala01-1.jpg 1920w, https:\/\/tiradoplaya.com\/wp-content\/uploads\/2024\/05\/TiradoPlaya-sala01-1-300x169.jpg 300w, https:\/\/tiradoplaya.com\/wp-content\/uploads\/2024\/05\/TiradoPlaya-sala01-1-1024x576.jpg 1024w, https:\/\/tiradoplaya.com\/wp-content\/uploads\/2024\/05\/TiradoPlaya-sala01-1-768x432.jpg 768w, https:\/\/tiradoplaya.com\/wp-content\/uploads\/2024\/05\/TiradoPlaya-sala01-1-1536x864.jpg 1536w, https:\/\/tiradoplaya.com\/wp-content\/uploads\/2024\/05\/TiradoPlaya-sala01-1-1568x882.jpg 1568w\" sizes=\"(max-width: 1920px) 100vw, 1920px\" \/><\/figure>\n\n\n\n<div class=\"wp-block-group alignfull\"><div class=\"wp-block-group__inner-container is-layout-flow wp-block-group-is-layout-flow\">\n<h2 class=\"wp-block-heading alignwide has-text-align-center has-large-font-size\"><strong>Reserva tu mesa<\/strong> en Tira Do Playa y disfruta del producto del <strong>Atl\u00e1ntico<\/strong> en la playa de Riazor.<br>Llama al <a href=\"tel:+34981257128\"> 981 257 128<\/a> o env\u00eda un email a <a href=\"mailto:carta@tiradoplaya.com\">carta@tiradoplaya.com<\/a><\/h2>\n\n\n\n<div class=\"wp-block-buttons is-horizontal is-content-justification-center is-layout-flex wp-container-core-buttons-is-layout-2 wp-block-buttons-is-layout-flex\">\n<div class=\"wp-block-button has-custom-font-size is-style-outline has-medium-font-size\"><a class=\"wp-block-button__link wp-element-button\" href=\"https:\/\/www.covermanager.com\/reserve\/module_restaurant\/restaurante-tiradoplaya\/spanish\" target=\"_blank\" rel=\"noreferrer noopener\">HAZ UNA RESERVA<\/a><\/div>\n<\/div>\n<\/div><\/div>\n","protected":false},"excerpt":{"rendered":"<p>Tira do Playa te invita a disfrutar de mariscos frescos, pescados del Atl\u00e1ntico y arroces preparados con maestr\u00eda. Todo ello frente al Atl\u00e1ntico en la playa de Riazor, con una experiencia gastron\u00f3mica \u00fanica en A Coru\u00f1a. Nuestros Pescados Lubina, rodaballo, palometa y otras especies del Atl\u00e1ntico, seleccionadas una a una y cocinadas a la brasa&hellip; <a class=\"more-link\" href=\"https:\/\/tiradoplaya.com\/\">Continue reading <span class=\"screen-reader-text\">Home<\/span><\/a><\/p>\n","protected":false},"author":1,"featured_media":0,"parent":0,"menu_order":0,"comment_status":"closed","ping_status":"closed","template":"tw-header-transparent-light.php","meta":{"footnotes":""},"_links":{"self":[{"href":"https:\/\/tiradoplaya.com\/index.php\/wp-json\/wp\/v2\/pages\/7"}],"collection":[{"href":"https:\/\/tiradoplaya.com\/index.php\/wp-json\/wp\/v2\/pages"}],"about":[{"href":"https:\/\/tiradoplaya.com\/index.php\/wp-json\/wp\/v2\/types\/page"}],"author":[{"embeddable":true,"href":"https:\/\/tiradoplaya.com\/index.php\/wp-json\/wp\/v2\/users\/1"}],"replies":[{"embeddable":true,"href":"https:\/\/tiradoplaya.com\/index.php\/wp-json\/wp\/v2\/comments?post=7"}],"version-history":[{"count":45,"href":"https:\/\/tiradoplaya.com\/index.php\/wp-json\/wp\/v2\/pages\/7\/revisions"}],"predecessor-version":[{"id":250,"href":"https:\/\/tiradoplaya.com\/index.php\/wp-json\/wp\/v2\/pages\/7\/revisions\/250"}],"wp:attachment":[{"href":"https:\/\/tiradoplaya.com\/index.php\/wp-json\/wp\/v2\/media?parent=7"}],"curies":[{"name":"wp","href":"https:\/\/api.w.org\/{rel}","templated":true}]}}