{"id":14,"date":"2023-12-18T18:00:49","date_gmt":"2023-12-18T18:00:49","guid":{"rendered":"https:\/\/mfgastronomia.es\/tp\/?page_id=14"},"modified":"2025-09-06T23:59:41","modified_gmt":"2025-09-06T23:59:41","slug":"contacto","status":"publish","type":"page","link":"https:\/\/tiradoplaya.com\/index.php\/contacto\/","title":{"rendered":"Contacto"},"content":{"rendered":"\n<div class=\"wp-block-cover alignfull is-light\" style=\"min-height:70vh;aspect-ratio:unset;\"><span aria-hidden=\"true\" class=\"wp-block-cover__background has-background-dim\"><\/span><img loading=\"lazy\" decoding=\"async\" width=\"1920\" height=\"820\" sizes=\"(max-width: 799px) 200vw,(max-width: 1920px) 100vw,1920px\" class=\"wp-block-cover__image-background wp-image-140\" alt=\"\" src=\"https:\/\/tiradoplaya.com\/wp-content\/uploads\/2024\/05\/TiradoPlaya-entrada.jpg\" data-object-fit=\"cover\" srcset=\"https:\/\/tiradoplaya.com\/wp-content\/uploads\/2024\/05\/TiradoPlaya-entrada.jpg 1920w, https:\/\/tiradoplaya.com\/wp-content\/uploads\/2024\/05\/TiradoPlaya-entrada-300x128.jpg 300w, https:\/\/tiradoplaya.com\/wp-content\/uploads\/2024\/05\/TiradoPlaya-entrada-1024x437.jpg 1024w, https:\/\/tiradoplaya.com\/wp-content\/uploads\/2024\/05\/TiradoPlaya-entrada-768x328.jpg 768w, https:\/\/tiradoplaya.com\/wp-content\/uploads\/2024\/05\/TiradoPlaya-entrada-1536x656.jpg 1536w, https:\/\/tiradoplaya.com\/wp-content\/uploads\/2024\/05\/TiradoPlaya-entrada-1568x670.jpg 1568w\" \/><div class=\"wp-block-cover__inner-container is-layout-flow wp-block-cover-is-layout-flow\">\n<h1 class=\"wp-block-heading alignwide has-text-align-center has-extra-large-font-size\">Contacto &amp; Reservas <br> Tira do Playa<\/h1>\n<\/div><\/div>\n\n\n\n<div class=\"wp-block-group alignfull\"><div class=\"wp-block-group__inner-container is-layout-flow wp-block-group-is-layout-flow\">\n<div class=\"wp-block-columns alignwide are-vertically-aligned-center tw-cols-stack-md tw-gutter-large is-layout-flex wp-container-core-columns-is-layout-1 wp-block-columns-is-layout-flex\">\n<div class=\"wp-block-column is-vertically-aligned-center is-layout-flow wp-block-column-is-layout-flow\">\n<p>Reserva tu mesa en Tira do Playa y disfruta de mariscos frescos, pescados del Atl\u00e1ntico y arroces frente al Atl\u00e1ntico en la playa de Riazor en A Coru\u00f1a.<\/p>\n\n\n\n<p>Para m\u00e1s informaci\u00f3n o disponibilidad, ponte en contacto con nuestro equipo.<\/p>\n\n\n\n<h2 class=\"wp-block-heading has-large-font-size\" style=\"font-style:normal;font-weight:700\">Reservas:<\/h2>\n\n\n\n<p><a href=\"tel:+34981257128\">(+34) 981 257 128<\/a><\/p>\n\n\n\n<p class=\"has-small-font-size\">Ofrecemos servicio a domicilio en A Coru\u00f1a a partir de 40 \u20ac de pedido. Haz tu encargo en el <a href=\"tel:+34607269178\">607 269 178<\/a> .<\/p>\n\n\n\n<h2 class=\"wp-block-heading has-large-font-size\" style=\"font-style:normal;font-weight:700\">Direcci\u00f3n:<\/h2>\n\n\n\n<p>And\u00e9n de Riazor S\/N<br>15011, A Coru\u00f1a, Espa\u00f1a<\/p>\n\n\n\n<h2 class=\"wp-block-heading has-large-font-size\" style=\"font-style:normal;font-weight:700\">Email:<\/h2>\n\n\n\n<p><a href=\"mailto:carta@tiradoplaya.com\" target=\"_blank\" rel=\"noreferrer noopener\">carta@tiradoplaya.com<\/a><\/p>\n\n\n\n<h2 class=\"wp-block-heading has-large-font-size\" style=\"font-style:normal;font-weight:700\">S\u00edguenos:<\/h2>\n\n\n\n<p><a href=\"https:\/\/www.instagram.com\/tiradoplaya_restaurante\">Instagram<\/a><br><a href=\"https:\/\/www.facebook.com\/restaurantetiradoplaya\/\">Facebook<\/a><\/p>\n<\/div>\n\n\n\n<div class=\"wp-block-column is-vertically-aligned-center is-layout-flow wp-block-column-is-layout-flow\">\n<div class=\"wp-block-group has-subtle-background-color has-background\"><div class=\"wp-block-group__inner-container is-layout-flow wp-block-group-is-layout-flow\">\n<h2 class=\"wp-block-heading has-large-font-size\">Nuestros horarios de apertura:<\/h2>\n\n\n\n<p><\/p>\n\n\n\n<figure class=\"wp-block-table tw-mt-0 is-style-tw-border-h-inner tw-row-valign-top has-small-font-size\"><table><tbody><tr><td>Lunes<\/td><td>13:00 h &#8211; 00:00 h<\/td><\/tr><tr><td>Martes<\/td><td>13:00 h &#8211; 00:00 h<\/td><\/tr><tr><td>Mi\u00e9rcoles<\/td><td>13:00 h &#8211; 00:00 h<\/td><\/tr><tr><td>Jueves<\/td><td>13:00 h &#8211; 00:00 h<\/td><\/tr><tr><td>Viernes<\/td><td>13:00 h &#8211; 00:00 h<\/td><\/tr><tr><td>S\u00e1bado<\/td><td>13:00 h &#8211; 00:00 h<\/td><\/tr><tr><td>Domingo<\/td><td>13:00 h &#8211; 00:00 h<\/td><\/tr><\/tbody><\/table><\/figure>\n\n\n\n<h2 class=\"wp-block-heading has-normal-font-size\"><em>* Horario de cocina ininterrumpido<\/em><\/h2>\n<\/div><\/div>\n<\/div>\n<\/div>\n<\/div><\/div>\n\n\n\n<div class=\"wp-block-columns alignwide is-layout-flex wp-container-core-columns-is-layout-2 wp-block-columns-is-layout-flex\">\n<div class=\"wp-block-column is-layout-flow wp-block-column-is-layout-flow\" style=\"--col-width:100%;flex-basis:100%\">\n<figure><iframe src=\"https:\/\/maps.google.com\/maps?q=TestauranteTira%20do%20Playa&amp;t=m&amp;z=13&amp;output=embed&amp;iwloc=near\" width=\"1920\" height=\"1200\" style=\"border:0;\" allowfullscreen=\"\" loading=\"lazy\" referrerpolicy=\"no-referrer-when-downgrade\"><\/iframe><\/figure>\n<\/div>\n<\/div>\n","protected":false},"excerpt":{"rendered":"<p>Reserva tu mesa en Tira do Playa y disfruta de mariscos frescos, pescados del Atl\u00e1ntico y arroces frente al Atl\u00e1ntico en la playa de Riazor en A Coru\u00f1a. Para m\u00e1s informaci\u00f3n o disponibilidad, ponte en contacto con nuestro equipo. Reservas: (+34) 981 257 128 Ofrecemos servicio a domicilio en A Coru\u00f1a a partir de 40&hellip; <a class=\"more-link\" href=\"https:\/\/tiradoplaya.com\/index.php\/contacto\/\">Continue reading <span class=\"screen-reader-text\">Contacto<\/span><\/a><\/p>\n","protected":false},"author":1,"featured_media":0,"parent":0,"menu_order":0,"comment_status":"closed","ping_status":"closed","template":"tw-header-transparent-light.php","meta":{"footnotes":""},"_links":{"self":[{"href":"https:\/\/tiradoplaya.com\/index.php\/wp-json\/wp\/v2\/pages\/14"}],"collection":[{"href":"https:\/\/tiradoplaya.com\/index.php\/wp-json\/wp\/v2\/pages"}],"about":[{"href":"https:\/\/tiradoplaya.com\/index.php\/wp-json\/wp\/v2\/types\/page"}],"author":[{"embeddable":true,"href":"https:\/\/tiradoplaya.com\/index.php\/wp-json\/wp\/v2\/users\/1"}],"replies":[{"embeddable":true,"href":"https:\/\/tiradoplaya.com\/index.php\/wp-json\/wp\/v2\/comments?post=14"}],"version-history":[{"count":16,"href":"https:\/\/tiradoplaya.com\/index.php\/wp-json\/wp\/v2\/pages\/14\/revisions"}],"predecessor-version":[{"id":254,"href":"https:\/\/tiradoplaya.com\/index.php\/wp-json\/wp\/v2\/pages\/14\/revisions\/254"}],"wp:attachment":[{"href":"https:\/\/tiradoplaya.com\/index.php\/wp-json\/wp\/v2\/media?parent=14"}],"curies":[{"name":"wp","href":"https:\/\/api.w.org\/{rel}","templated":true}]}}