{"id":11,"date":"2023-12-18T18:00:49","date_gmt":"2023-12-18T18:00:49","guid":{"rendered":"https:\/\/mfgastronomia.es\/tp\/?page_id=11"},"modified":"2025-09-06T23:47:13","modified_gmt":"2025-09-06T23:47:13","slug":"nosotros-tiradoplaya","status":"publish","type":"page","link":"https:\/\/tiradoplaya.com\/index.php\/nosotros-tiradoplaya\/","title":{"rendered":"Nosotros"},"content":{"rendered":"\n<div class=\"wp-block-cover alignfull is-light\" style=\"min-height:70vh;aspect-ratio:unset;\"><span aria-hidden=\"true\" class=\"wp-block-cover__background has-background-dim\"><\/span><img loading=\"lazy\" decoding=\"async\" width=\"1920\" height=\"820\" sizes=\"(max-width: 799px) 200vw,(max-width: 1920px) 100vw,1920px\" class=\"wp-block-cover__image-background wp-image-128\" alt=\"Vistas sal\u00f3n principal marisqueria Tira Do Playa en A Coru\u00f1a en la playa de Riazor.\" src=\"https:\/\/tiradoplaya.com\/wp-content\/uploads\/2024\/05\/TiradoPlaya-sala02.jpg\" data-object-fit=\"cover\" srcset=\"https:\/\/tiradoplaya.com\/wp-content\/uploads\/2024\/05\/TiradoPlaya-sala02.jpg 1920w, https:\/\/tiradoplaya.com\/wp-content\/uploads\/2024\/05\/TiradoPlaya-sala02-300x128.jpg 300w, https:\/\/tiradoplaya.com\/wp-content\/uploads\/2024\/05\/TiradoPlaya-sala02-1024x437.jpg 1024w, https:\/\/tiradoplaya.com\/wp-content\/uploads\/2024\/05\/TiradoPlaya-sala02-768x328.jpg 768w, https:\/\/tiradoplaya.com\/wp-content\/uploads\/2024\/05\/TiradoPlaya-sala02-1536x656.jpg 1536w, https:\/\/tiradoplaya.com\/wp-content\/uploads\/2024\/05\/TiradoPlaya-sala02-1568x670.jpg 1568w\" \/><div class=\"wp-block-cover__inner-container is-layout-flow wp-block-cover-is-layout-flow\">\n<h1 class=\"wp-block-heading has-text-align-center has-h-2-font-size\" style=\"text-transform:none\">El sabor del Atl\u00e1ntico,  tradici\u00f3n gallega y unas vistas \u00fanicas en A Coru\u00f1a.<\/h1>\n<\/div><\/div>\n\n\n\n<div class=\"wp-block-group alignfull\"><div class=\"wp-block-group__inner-container is-layout-flow wp-block-group-is-layout-flow\">\n<div class=\"wp-block-media-text alignwide is-stacked-on-mobile tw-stack-md\" style=\"grid-template-columns:49% auto\"><figure class=\"wp-block-media-text__media\"><img loading=\"lazy\" decoding=\"async\" width=\"1024\" height=\"683\" src=\"https:\/\/tiradoplaya.com\/wp-content\/uploads\/2024\/05\/TiradoPlaya-sala03-1024x683.jpg\" alt=\"sal\u00f3n con vistas Atl\u00e1ntico - restaurante Tira do Playa en la playa de Riazor.\" class=\"wp-image-130 size-full\" srcset=\"https:\/\/tiradoplaya.com\/wp-content\/uploads\/2024\/05\/TiradoPlaya-sala03-1024x683.jpg 1024w, https:\/\/tiradoplaya.com\/wp-content\/uploads\/2024\/05\/TiradoPlaya-sala03-300x200.jpg 300w, https:\/\/tiradoplaya.com\/wp-content\/uploads\/2024\/05\/TiradoPlaya-sala03-768x512.jpg 768w, https:\/\/tiradoplaya.com\/wp-content\/uploads\/2024\/05\/TiradoPlaya-sala03.jpg 1200w\" sizes=\"(max-width: 1024px) 100vw, 1024px\" \/><\/figure><div class=\"wp-block-media-text__content\">\n<h2 class=\"wp-block-heading tw-heading-dash-bottom\">La localizaci\u00f3n<\/h2>\n\n\n\n<p>Frente al Atl\u00e1ntico, en la playa de Riazor, Tira do Playa ofrece un entorno \u00fanico donde disfrutar de mariscos frescos, pescados del Atl\u00e1ntico y arroces con vistas al mar. <br>Un espacio singular en A Coru\u00f1a d\u00f3nde la gastronom\u00eda gallega se uno a uno de los paisajes mas emblem\u00e1ticos de la ciudad.<\/p>\n\n\n\n<p>Saborea cada plato con la fuerza del Atl\u00e1ntico y la belleza de Riazor.<\/p>\n<\/div><\/div>\n\n\n\n<div class=\"wp-block-media-text alignwide has-media-on-the-right is-stacked-on-mobile tw-stack-md\" style=\"grid-template-columns:auto 49%\"><div class=\"wp-block-media-text__content\">\n<h2 class=\"wp-block-heading tw-heading-dash-bottom\">La cocina<\/h2>\n\n\n\n<p>La cocina de Tira do Playa nace del Atl\u00e1ntico de la tradici\u00f3n gallega. <br>Nuestros mariscos y pescados llegan frescos cada d\u00eda para cocinarse con el m\u00e1ximo respeto al producto, ya sea a la brasa o en elaboraciones que realzan su sabor.<br>Los arroces, preparados al momento y con t\u00e9cnica, completan una propuesta pensada para disfrutar frente al oc\u00e9ano en la playa de Riazor.<\/p>\n\n\n\n<p>Aqu\u00ed cada plato se convierte en memoria.<\/p>\n<\/div><figure class=\"wp-block-media-text__media\"><img decoding=\"async\" src=\"https:\/\/images.unsplash.com\/photo-1611657366409-55549160be82?ixid=MXwxMjA3fDB8MHxwaG90by1wYWdlfHx8fGVufDB8fHw%3D&amp;ixlib=rb-1.2.1&amp;auto=format&amp;fp-y=.33&amp;fit=crop&amp;w=1200&amp;h=800&amp;q=60\" alt=\"Arroz con mariscos y pescados frescos del Atl\u00e1ntico en Tira do Playa.\"\/><\/figure><\/div>\n\n\n\n<div class=\"wp-block-media-text alignwide is-stacked-on-mobile tw-stack-md\" style=\"grid-template-columns:49% auto\"><figure class=\"wp-block-media-text__media\"><img loading=\"lazy\" decoding=\"async\" width=\"916\" height=\"1024\" src=\"https:\/\/tiradoplaya.com\/wp-content\/uploads\/2025\/09\/Captura-2025-09-06-a-las-21.56.21-1-916x1024.jpeg\" alt=\"Luis Borda jefe de cocina de Tira do Playa en A Coru\u00f1a\" class=\"wp-image-245 size-full\" srcset=\"https:\/\/tiradoplaya.com\/wp-content\/uploads\/2025\/09\/Captura-2025-09-06-a-las-21.56.21-1-916x1024.jpeg 916w, https:\/\/tiradoplaya.com\/wp-content\/uploads\/2025\/09\/Captura-2025-09-06-a-las-21.56.21-1-268x300.jpeg 268w, https:\/\/tiradoplaya.com\/wp-content\/uploads\/2025\/09\/Captura-2025-09-06-a-las-21.56.21-1-768x858.jpeg 768w, https:\/\/tiradoplaya.com\/wp-content\/uploads\/2025\/09\/Captura-2025-09-06-a-las-21.56.21-1.jpeg 1206w\" sizes=\"(max-width: 916px) 100vw, 916px\" \/><\/figure><div class=\"wp-block-media-text__content\">\n<h2 class=\"wp-block-heading tw-heading-dash-bottom\">El chef<\/h2>\n\n\n\n<p><strong>Luis Borda Heredia<\/strong>, Chef Ejecutivo del Grupo Gonzaba y de Tira do Playa, aporta una visi\u00f3n internacional con ra\u00edces gallegas que se refleja en cada plato. Su cocina es aut\u00e9ntica y t\u00e9cnica, donde el producto del Atl\u00e1ntico cobra un protagonismo absoluto.<\/p>\n\n\n\n<p>En Tira do Playa lidera una propuesta que combina el marisco y el pescado fresco con su maestr\u00eda arrocera, reconocida en cert\u00e1menes nacionales como el Concurso Internacional de Paella Valenciana de Sueca, donde represent\u00f3 a Galicia en 2024.<\/p>\n\n\n\n<p>Su prop\u00f3sito es claro: trasladar al comensal la fuerza del mar y la tradici\u00f3n gallega con un estilo contempor\u00e1neo, haciendo de Tira do Playa un espacio \u00fanico frente al mar de Riazor.<\/p>\n<\/div><\/div>\n<\/div><\/div>\n\n\n\n<div class=\"wp-block-group alignfull has-subtle-background-color has-background\"><div class=\"wp-block-group__inner-container is-layout-flow wp-block-group-is-layout-flow\">\n<h2 class=\"wp-block-heading has-text-align-center\">Reserva tu mesa y disfruta de una experiencia \u00fanica en A Coru\u00f1a.<\/h2>\n\n\n\n<div class=\"wp-block-buttons is-horizontal is-content-justification-center is-layout-flex wp-container-core-buttons-is-layout-1 wp-block-buttons-is-layout-flex\">\n<div class=\"wp-block-button has-custom-font-size is-style-outline has-medium-font-size\"><a class=\"wp-block-button__link wp-element-button\" href=\"https:\/\/www.covermanager.com\/reserve\/module_restaurant\/restaurante-tiradoplaya\/spanish\" style=\"padding-right:var(--wp--preset--spacing--70);padding-left:var(--wp--preset--spacing--70)\" target=\"_blank\" rel=\"noreferrer noopener\">RESERVA AHORA<\/a><\/div>\n<\/div>\n<\/div><\/div>\n","protected":false},"excerpt":{"rendered":"<p>La localizaci\u00f3n Frente al Atl\u00e1ntico, en la playa de Riazor, Tira do Playa ofrece un entorno \u00fanico donde disfrutar de mariscos frescos, pescados del Atl\u00e1ntico y arroces con vistas al mar. Un espacio singular en A Coru\u00f1a d\u00f3nde la gastronom\u00eda gallega se uno a uno de los paisajes mas emblem\u00e1ticos de la ciudad. Saborea cada&hellip; <a class=\"more-link\" href=\"https:\/\/tiradoplaya.com\/index.php\/nosotros-tiradoplaya\/\">Continue reading <span class=\"screen-reader-text\">Nosotros<\/span><\/a><\/p>\n","protected":false},"author":1,"featured_media":0,"parent":0,"menu_order":0,"comment_status":"closed","ping_status":"closed","template":"tw-header-transparent-light.php","meta":{"footnotes":""},"_links":{"self":[{"href":"https:\/\/tiradoplaya.com\/index.php\/wp-json\/wp\/v2\/pages\/11"}],"collection":[{"href":"https:\/\/tiradoplaya.com\/index.php\/wp-json\/wp\/v2\/pages"}],"about":[{"href":"https:\/\/tiradoplaya.com\/index.php\/wp-json\/wp\/v2\/types\/page"}],"author":[{"embeddable":true,"href":"https:\/\/tiradoplaya.com\/index.php\/wp-json\/wp\/v2\/users\/1"}],"replies":[{"embeddable":true,"href":"https:\/\/tiradoplaya.com\/index.php\/wp-json\/wp\/v2\/comments?post=11"}],"version-history":[{"count":13,"href":"https:\/\/tiradoplaya.com\/index.php\/wp-json\/wp\/v2\/pages\/11\/revisions"}],"predecessor-version":[{"id":252,"href":"https:\/\/tiradoplaya.com\/index.php\/wp-json\/wp\/v2\/pages\/11\/revisions\/252"}],"wp:attachment":[{"href":"https:\/\/tiradoplaya.com\/index.php\/wp-json\/wp\/v2\/media?parent=11"}],"curies":[{"name":"wp","href":"https:\/\/api.w.org\/{rel}","templated":true}]}}